{"id":5396,"date":"2025-08-07T22:09:38","date_gmt":"2025-08-07T22:09:38","guid":{"rendered":"https:\/\/helmatrading.ir\/?page_id=5396"},"modified":"2025-10-01T20:52:12","modified_gmt":"2025-10-01T20:52:12","slug":"datenschutz","status":"publish","type":"page","link":"https:\/\/persimex.de\/index.php\/datenschutz\/","title":{"rendered":"Datenschutz"},"content":{"rendered":"\t\t<div data-elementor-type=\"wp-page\" data-elementor-id=\"5396\" class=\"elementor elementor-5396\">\n\t\t\t\t<div class=\"elementor-element elementor-element-d938ae2 e-flex e-con-boxed e-con e-parent\" data-id=\"d938ae2\" data-element_type=\"container\">\n\t\t\t\t\t<div class=\"e-con-inner\">\n\t\t\t\t<div class=\"elementor-element elementor-element-c8fa65b elementor-widget elementor-widget-text-editor\" data-id=\"c8fa65b\" data-element_type=\"widget\" data-widget_type=\"text-editor.default\">\n\t\t\t\t<div class=\"elementor-widget-container\">\n\t\t\t\t\t\t\t\t\t<p data-pm-slice=\"1 1 []\"><strong>Datenschutzhinweise f\u00fcr Bewerbungen bei persimex.de<\/strong><\/p><p><strong>Einleitung<\/strong><\/p><p>Wir nehmen den Schutz Ihrer personenbezogenen Daten sehr ernst. Nachfolgend informieren wir Sie gem\u00e4\u00df der Datenschutz-Grundverordnung (DSGVO) sowie dem Bundesdatenschutzgesetz (BDSG) \u00fcber die Verarbeitung Ihrer Daten im Rahmen einer Bewerbung bei uns.<\/p><div><hr \/><\/div><p><strong>Verantwortliche Stelle<\/strong><\/p><p>Mona Khani\u00a0<br \/>Feldbergstra\u00dfe 63<br \/>64293, Darmstadt<br \/>Deutschland<br \/>E-Mail: info@persimex.de<br \/>Telefon: \u00a0\u00a0+49 157 512 51012<\/p><div><hr \/><\/div><p><strong>Zwecke und Rechtsgrundlagen der Verarbeitung<\/strong><\/p><p>Im Rahmen des Bewerbungsverfahrens verarbeiten wir Ihre personenbezogenen Daten, um Ihre Eignung f\u00fcr eine Stelle bei uns zu pr\u00fcfen und den Auswahlprozess durchzuf\u00fchren.<\/p><p>Rechtsgrundlage ist \u00a7 26 BDSG i. V. m. Art. 6 Abs. 1 lit. b DSGVO (Durchf\u00fchrung vorvertraglicher Ma\u00dfnahmen).<\/p><p>Wenn Sie in eine l\u00e4ngere Speicherung Ihrer Daten (z. B. f\u00fcr unseren Bewerberpool) einwilligen, erfolgt die Verarbeitung auf Grundlage von Art. 6 Abs. 1 lit. a DSGVO.<\/p><div><hr \/><\/div><p><strong>Datenkategorien<\/strong><\/p><p>Folgende personenbezogene Daten k\u00f6nnen verarbeitet werden:<\/p><ul data-spread=\"false\"><li><p>Stammdaten (z. B. Name, Adresse, Kontaktdaten)<\/p><\/li><li><p>Bewerbungsunterlagen (z. B. Anschreiben, Lebenslauf, Zeugnisse)<\/p><\/li><li><p>Kommunikationsdaten (z. B. Korrespondenz, E-Mails)<\/p><\/li><li><p>Interviewnotizen und Bewertungen<\/p><\/li><\/ul><div><hr \/><\/div><p><strong>Datenherkunft<\/strong><\/p><p>Ihre Daten erhalten wir in der Regel direkt von Ihnen \u00fcber Ihre Bewerbung per E-Mail oder Online-Formular. In Einzelf\u00e4llen k\u00f6nnen auch \u00f6ffentlich zug\u00e4ngliche Quellen (z. B. LinkedIn) herangezogen werden.<\/p><div><hr \/><\/div><p><strong>Empf\u00e4nger Ihrer Daten<\/strong><\/p><p>Ihre Daten werden intern nur an diejenigen Personen weitergegeben, die an der Auswahlentscheidung beteiligt sind (z. B. Personalverantwortliche, Fachabteilungen). Eine Weitergabe an Dritte oder \u00dcbermittlung an Drittstaaten findet nicht statt.<\/p><div><hr \/><\/div><p><strong>Speicherdauer<\/strong><\/p><p>Im Falle einer Absage werden Ihre Daten sp\u00e4testens 6 Monate nach Abschluss des Bewerbungsverfahrens gel\u00f6scht, es sei denn, Sie haben einer l\u00e4ngeren Speicherung zugestimmt.<\/p><p>Kommt es zu einer Einstellung, werden Ihre Daten in das Personalverwaltungssystem \u00fcbernommen und im Rahmen der gesetzlichen Vorgaben gespeichert.<\/p><div><hr \/><\/div><p><strong>Ihre Rechte als betroffene Person<\/strong><\/p><p>Sie haben jederzeit das Recht auf:<\/p><ul data-spread=\"false\"><li><p>Auskunft \u00fcber Ihre gespeicherten Daten (Art. 15 DSGVO)<\/p><\/li><li><p>Berichtigung unrichtiger Daten (Art. 16 DSGVO)<\/p><\/li><li><p>L\u00f6schung (Art. 17 DSGVO)<\/p><\/li><li><p>Einschr\u00e4nkung der Verarbeitung (Art. 18 DSGVO)<\/p><\/li><li><p>Widerspruch gegen die Verarbeitung (Art. 21 DSGVO)<\/p><\/li><li><p>Daten\u00fcbertragbarkeit (Art. 20 DSGVO)<\/p><\/li><\/ul><p>Sie haben au\u00dferdem das Recht, sich bei einer Aufsichtsbeh\u00f6rde zu beschweren (Art. 77 DSGVO).<\/p><div><hr \/><\/div><p><strong>Pflicht zur Bereitstellung der Daten<\/strong><\/p><p>Die Bereitstellung Ihrer Daten ist f\u00fcr die Durchf\u00fchrung des Bewerbungsverfahrens erforderlich. Ohne diese Daten kann keine Ber\u00fccksichtigung im Auswahlprozess erfolgen.<\/p><div><hr \/><\/div><p><strong>Automatisierte Entscheidungsfindung<\/strong><\/p><p>Eine automatisierte Entscheidungsfindung oder ein Profiling findet im Rahmen des Bewerbungsverfahrens nicht statt.<\/p><div><hr \/><\/div><p><strong>Aktualit\u00e4t<\/strong><\/p><p>Diese Datenschutzhinweise gelten ab dem 08. August 2025 und k\u00f6nnen bei Bedarf aktualisiert werden. Die jeweils g\u00fcltige Fassung finden Sie auf unserer Website unter <a href=\"https:\/\/persimex.de\/index.php\/datenschutz\/\">persimex.de\/index.php\/datenschutz<\/a>.<\/p>\t\t\t\t\t\t\t\t<\/div>\n\t\t\t\t<\/div>\n\t\t\t\t\t<\/div>\n\t\t\t\t<\/div>\n\t\t\t\t<\/div>\n\t\t","protected":false},"excerpt":{"rendered":"<p>Datenschutzhinweise f\u00fcr Bewerbungen bei persimex.de Einleitung Wir nehmen den Schutz Ihrer personenbezogenen Daten sehr ernst. Nachfolgend informieren wir Sie gem\u00e4\u00df der Datenschutz-Grundverordnung (DSGVO) sowie dem Bundesdatenschutzgesetz (BDSG) \u00fcber die Verarbeitung Ihrer Daten im Rahmen einer Bewerbung bei uns. Verantwortliche Stelle Mona Khani\u00a0Feldbergstra\u00dfe 6364293, DarmstadtDeutschlandE-Mail: info@persimex.deTelefon: \u00a0\u00a0+49 157 512 51012 Zwecke und Rechtsgrundlagen der Verarbeitung Im [&hellip;]<\/p>\n","protected":false},"author":2,"featured_media":0,"parent":0,"menu_order":0,"comment_status":"closed","ping_status":"closed","template":"","meta":{"_acf_changed":false,"footnotes":""},"class_list":["post-5396","page","type-page","status-publish","hentry"],"acf":[],"_links":{"self":[{"href":"https:\/\/persimex.de\/index.php\/wp-json\/wp\/v2\/pages\/5396","targetHints":{"allow":["GET"]}}],"collection":[{"href":"https:\/\/persimex.de\/index.php\/wp-json\/wp\/v2\/pages"}],"about":[{"href":"https:\/\/persimex.de\/index.php\/wp-json\/wp\/v2\/types\/page"}],"author":[{"embeddable":true,"href":"https:\/\/persimex.de\/index.php\/wp-json\/wp\/v2\/users\/2"}],"replies":[{"embeddable":true,"href":"https:\/\/persimex.de\/index.php\/wp-json\/wp\/v2\/comments?post=5396"}],"version-history":[{"count":19,"href":"https:\/\/persimex.de\/index.php\/wp-json\/wp\/v2\/pages\/5396\/revisions"}],"predecessor-version":[{"id":5736,"href":"https:\/\/persimex.de\/index.php\/wp-json\/wp\/v2\/pages\/5396\/revisions\/5736"}],"wp:attachment":[{"href":"https:\/\/persimex.de\/index.php\/wp-json\/wp\/v2\/media?parent=5396"}],"curies":[{"name":"wp","href":"https:\/\/api.w.org\/{rel}","templated":true}]}}