{"id":5385,"date":"2025-08-07T21:17:22","date_gmt":"2025-08-07T21:17:22","guid":{"rendered":"https:\/\/helmatrading.ir\/?page_id=5385"},"modified":"2025-10-01T20:50:58","modified_gmt":"2025-10-01T20:50:58","slug":"impressum","status":"publish","type":"page","link":"https:\/\/persimex.de\/index.php\/impressum\/","title":{"rendered":"Impressum"},"content":{"rendered":"\t\t<div data-elementor-type=\"wp-page\" data-elementor-id=\"5385\" class=\"elementor elementor-5385\">\n\t\t\t\t<div class=\"elementor-element elementor-element-0b40f42 e-flex e-con-boxed e-con e-parent\" data-id=\"0b40f42\" data-element_type=\"container\">\n\t\t\t\t\t<div class=\"e-con-inner\">\n\t\t\t\t<div class=\"elementor-element elementor-element-ead1ab2 elementor-widget elementor-widget-text-editor\" data-id=\"ead1ab2\" data-element_type=\"widget\" data-widget_type=\"text-editor.default\">\n\t\t\t\t<div class=\"elementor-widget-container\">\n\t\t\t\t\t\t\t\t\t<p><strong>Impressum<\/strong><\/p><p><strong>Angaben gem\u00e4\u00df \u00a7 5 TMG:<\/strong><br \/>Persimex e.Kfr.<\/p><p><strong><br \/>Postanschrift<\/strong>:<br \/>Feldbergstra\u00dfe 63<br \/>64293 Darmstadt<\/p><p><strong>Sitz der Gesellschaft:<\/strong><br \/>Darmstadt<\/p><p><strong><br \/>Kontakt:<\/strong><br \/>Mobil: \u00a0 \u00a0 \u00a0+49 157 512 51012<br \/>E-Mail: \u00a0\u00a0\u00a0\u00a0info@persimex.de<\/p><p><strong><br \/>Vertreten durch:<\/strong><br \/>Mona Khani<br \/>Gesch\u00e4ftsf\u00fchrerin<\/p><p><strong>Umsatzsteuer-Identifikationsnummer<br \/><\/strong><span class=\"selectable-text copyable-text xkrh14z\">DE455234138<\/span><strong><br \/><\/strong><\/p><p data-start=\"883\" data-end=\"909\"><strong>Haftung f\u00fcr Inhalte<\/strong><\/p><p data-start=\"910\" data-end=\"1187\">Als Diensteanbieter sind wir gem\u00e4\u00df \u00a7 7 Abs.1 TMG f\u00fcr eigene Inhalte auf diesen Seiten nach den allgemeinen Gesetzen verantwortlich.<br data-start=\"1041\" data-end=\"1044\" \/>Nach \u00a7\u00a7 8 bis 10 TMG sind wir als Diensteanbieter jedoch nicht verpflichtet, \u00fcbermittelte oder gespeicherte fremde Informationen zu \u00fcberwachen.<\/p><p data-start=\"1189\" data-end=\"1213\"><strong>Haftung f\u00fcr Links<\/strong><\/p><p data-start=\"1214\" data-end=\"1392\">Unser Angebot enth\u00e4lt Links zu externen Webseiten Dritter, auf deren Inhalte wir keinen Einfluss haben.<br data-start=\"1317\" data-end=\"1320\" \/>Daher k\u00f6nnen wir f\u00fcr diese fremden Inhalte auch keine Gew\u00e4hr \u00fcbernehmen.<\/p><p data-start=\"1394\" data-end=\"1413\"><strong>Urheberrecht<\/strong><\/p><p data-start=\"1414\" data-end=\"1725\">Die durch die Seitenbetreiber erstellten Inhalte und Werke auf diesen Seiten unterliegen dem deutschen Urheberrecht.<br data-start=\"1530\" data-end=\"1533\" \/>Die Vervielf\u00e4ltigung, Bearbeitung, Verbreitung und jede Art der Verwertung au\u00dferhalb der Grenzen des Urheberrechtes bed\u00fcrfen der schriftlichen Zustimmung des jeweiligen Autors bzw. Erstellers.<\/p><hr data-start=\"1727\" data-end=\"1730\" \/><p data-start=\"1732\" data-end=\"1761\"><strong>Hinweis gem\u00e4\u00df \u00a7 36 VSBG<\/strong><\/p><p data-start=\"1762\" data-end=\"1885\">Wir sind nicht bereit oder verpflichtet, an Streitbeilegungsverfahren vor einer Verbraucherschlichtungsstelle teilzunehmen.<\/p><hr data-start=\"1887\" data-end=\"1890\" \/><p data-start=\"1892\" data-end=\"1909\"><strong>Datenschutz<\/strong><\/p><p data-start=\"1910\" data-end=\"1997\">Bitte beachten Sie auch unsere\u00a0<a class=\"cursor-pointer\" href=\"https:\/\/persimex.de\/\/index.php\/datenschutz\/\" target=\"_new\" rel=\"noopener\" data-start=\"1941\" data-end=\"1996\"><span style=\"text-decoration: underline;\">Datenschutzerkl\u00e4rung<\/span><\/a>.<\/p>\t\t\t\t\t\t\t\t<\/div>\n\t\t\t\t<\/div>\n\t\t\t\t\t<\/div>\n\t\t\t\t<\/div>\n\t\t\t\t<\/div>\n\t\t","protected":false},"excerpt":{"rendered":"<p>Impressum Angaben gem\u00e4\u00df \u00a7 5 TMG:Persimex e.Kfr. Postanschrift:Feldbergstra\u00dfe 6364293 Darmstadt Sitz der Gesellschaft:Darmstadt Kontakt:Mobil: \u00a0 \u00a0 \u00a0+49 157 512 51012E-Mail: \u00a0\u00a0\u00a0\u00a0info@persimex.de Vertreten durch:Mona KhaniGesch\u00e4ftsf\u00fchrerin Umsatzsteuer-IdentifikationsnummerDE455234138 Haftung f\u00fcr Inhalte Als Diensteanbieter sind wir gem\u00e4\u00df \u00a7 7 Abs.1 TMG f\u00fcr eigene Inhalte auf diesen Seiten nach den allgemeinen Gesetzen verantwortlich.Nach \u00a7\u00a7 8 bis 10 TMG sind wir [&hellip;]<\/p>\n","protected":false},"author":2,"featured_media":0,"parent":0,"menu_order":0,"comment_status":"closed","ping_status":"closed","template":"","meta":{"_acf_changed":false,"footnotes":""},"class_list":["post-5385","page","type-page","status-publish","hentry"],"acf":[],"_links":{"self":[{"href":"https:\/\/persimex.de\/index.php\/wp-json\/wp\/v2\/pages\/5385","targetHints":{"allow":["GET"]}}],"collection":[{"href":"https:\/\/persimex.de\/index.php\/wp-json\/wp\/v2\/pages"}],"about":[{"href":"https:\/\/persimex.de\/index.php\/wp-json\/wp\/v2\/types\/page"}],"author":[{"embeddable":true,"href":"https:\/\/persimex.de\/index.php\/wp-json\/wp\/v2\/users\/2"}],"replies":[{"embeddable":true,"href":"https:\/\/persimex.de\/index.php\/wp-json\/wp\/v2\/comments?post=5385"}],"version-history":[{"count":31,"href":"https:\/\/persimex.de\/index.php\/wp-json\/wp\/v2\/pages\/5385\/revisions"}],"predecessor-version":[{"id":5733,"href":"https:\/\/persimex.de\/index.php\/wp-json\/wp\/v2\/pages\/5385\/revisions\/5733"}],"wp:attachment":[{"href":"https:\/\/persimex.de\/index.php\/wp-json\/wp\/v2\/media?parent=5385"}],"curies":[{"name":"wp","href":"https:\/\/api.w.org\/{rel}","templated":true}]}}